{"id":1867,"date":"2026-04-10T11:37:28","date_gmt":"2026-04-10T07:37:28","guid":{"rendered":"https:\/\/medietk.com\/?page_id=1867"},"modified":"2026-04-10T12:48:35","modified_gmt":"2026-04-10T08:48:35","slug":"kardio-mix-forte","status":"publish","type":"page","link":"https:\/\/medietk.com\/en\/kardio-mix-forte\/","title":{"rendered":"Kardio mix forte"},"content":{"rendered":"<div data-elementor-type=\"wp-page\" data-elementor-id=\"1867\" class=\"elementor elementor-1867\">\n\t\t\t\t<div class=\"elementor-element elementor-element-2166935 e-flex e-con-boxed e-con e-parent\" data-id=\"2166935\" data-element_type=\"container\" data-e-type=\"container\">\n\t\t\t\t\t<div class=\"e-con-inner\">\n\t\t<div class=\"elementor-element elementor-element-15a1e56 e-flex e-con-boxed e-con e-child\" data-id=\"15a1e56\" data-element_type=\"container\" data-e-type=\"container\" data-settings=\"{&quot;background_background&quot;:&quot;classic&quot;}\">\n\t\t\t\t\t<div class=\"e-con-inner\">\n\t\t\t\t<div class=\"elementor-element elementor-element-d19e108 elementor-widget elementor-widget-image\" data-id=\"d19e108\" data-element_type=\"widget\" data-e-type=\"widget\" data-widget_type=\"image.default\">\n\t\t\t\t<div class=\"elementor-widget-container\">\n\t\t\t\t\t\t\t\t\t\t\t\t\t\t\t\t<a href=\"https:\/\/medietk.com\/en\/\">\n\t\t\t\t\t\t\t<img decoding=\"async\" width=\"361\" height=\"122\" src=\"https:\/\/medietk.com\/wp-content\/uploads\/2024\/02\/medietk-1024x329-2-1.png\" class=\"attachment-large size-large wp-image-59\" alt=\"\" srcset=\"https:\/\/medietk.com\/wp-content\/uploads\/2024\/02\/medietk-1024x329-2-1.png 361w, https:\/\/medietk.com\/wp-content\/uploads\/2024\/02\/medietk-1024x329-2-1-300x101.png 300w\" sizes=\"(max-width: 361px) 100vw, 361px\" \/>\t\t\t\t\t\t\t\t<\/a>\n\t\t\t\t\t\t\t\t\t\t\t\t\t\t\t<\/div>\n\t\t\t\t<\/div>\n\t\t\t\t\t<\/div>\n\t\t\t\t<\/div>\n\t\t\t\t\t<\/div>\n\t\t\t\t<\/div>\n\t\t<div class=\"elementor-element elementor-element-19b5484 e-flex e-con-boxed e-con e-parent\" data-id=\"19b5484\" data-element_type=\"container\" data-e-type=\"container\" data-settings=\"{&quot;background_background&quot;:&quot;classic&quot;}\">\n\t\t\t\t\t<div class=\"e-con-inner\">\n\t\t<div class=\"elementor-element elementor-element-08a916a e-con-full e-flex e-con e-child\" data-id=\"08a916a\" data-element_type=\"container\" data-e-type=\"container\">\n\t\t\t\t<div class=\"elementor-element elementor-element-f62020d elementor-arrows-position-inside elementor-widget elementor-widget-image-carousel\" data-id=\"f62020d\" data-element_type=\"widget\" data-e-type=\"widget\" data-settings=\"{&quot;slides_to_show&quot;:&quot;1&quot;,&quot;navigation&quot;:&quot;arrows&quot;,&quot;autoplay_speed&quot;:3000,&quot;speed&quot;:800,&quot;autoplay&quot;:&quot;yes&quot;,&quot;pause_on_hover&quot;:&quot;yes&quot;,&quot;pause_on_interaction&quot;:&quot;yes&quot;,&quot;infinite&quot;:&quot;yes&quot;,&quot;effect&quot;:&quot;slide&quot;}\" data-widget_type=\"image-carousel.default\">\n\t\t\t\t<div class=\"elementor-widget-container\">\n\t\t\t\t\t\t\t<div class=\"elementor-image-carousel-wrapper swiper\" role=\"region\" aria-roledescription=\"carousel\" aria-label=\"Image Carousel\" dir=\"ltr\">\n\t\t\t<div class=\"elementor-image-carousel swiper-wrapper swiper-image-stretch\" aria-live=\"off\">\n\t\t\t\t\t\t\t\t<div class=\"swiper-slide\" role=\"group\" aria-roledescription=\"slide\" aria-label=\"1 of 1\"><figure class=\"swiper-slide-inner\"><img decoding=\"async\" class=\"swiper-slide-image\" src=\"https:\/\/medietk.com\/wp-content\/uploads\/2026\/04\/kardiomix-1.gif\" alt=\"kardiomix\" \/><\/figure><\/div>\t\t\t<\/div>\n\t\t\t\t\t<\/div>\n\t\t\t\t\t\t<\/div>\n\t\t\t\t<\/div>\n\t\t\t\t<\/div>\n\t\t<div class=\"elementor-element elementor-element-1f892c1 e-con-full e-flex e-con e-child\" data-id=\"1f892c1\" data-element_type=\"container\" data-e-type=\"container\">\n\t\t\t\t<div class=\"elementor-element elementor-element-e66a232 elementor-widget elementor-widget-heading\" data-id=\"e66a232\" data-element_type=\"widget\" data-e-type=\"widget\" data-widget_type=\"heading.default\">\n\t\t\t\t<div class=\"elementor-widget-container\">\n\t\t\t\t\t<h2 class=\"elementor-heading-title elementor-size-default\">Kardio Mix Forte\u00ae<\/h2>\t\t\t\t<\/div>\n\t\t\t\t<\/div>\n\t\t\t\t<div class=\"elementor-element elementor-element-d5ed4df elementor-widget elementor-widget-heading\" data-id=\"d5ed4df\" data-element_type=\"widget\" data-e-type=\"widget\" data-widget_type=\"heading.default\">\n\t\t\t\t<div class=\"elementor-widget-container\">\n\t\t\t\t\t<h2 class=\"elementor-heading-title elementor-size-default\">Certificate number:<\/h2>\t\t\t\t<\/div>\n\t\t\t\t<\/div>\n\t\t\t\t<\/div>\n\t\t\t\t\t<\/div>\n\t\t\t\t<\/div>\n\t\t<div class=\"elementor-element elementor-element-013ddd2 e-flex e-con-boxed e-con e-parent\" data-id=\"013ddd2\" data-element_type=\"container\" data-e-type=\"container\">\n\t\t\t\t\t<div class=\"e-con-inner\">\n\t\t\t\t<div class=\"elementor-element elementor-element-7545081 elementor-widget elementor-widget-accordion\" data-id=\"7545081\" data-element_type=\"widget\" data-e-type=\"widget\" data-widget_type=\"accordion.default\">\n\t\t\t\t<div class=\"elementor-widget-container\">\n\t\t\t\t\t\t\t<div class=\"elementor-accordion\">\n\t\t\t\t\t\t\t<div class=\"elementor-accordion-item\">\n\t\t\t\t\t<div id=\"elementor-tab-title-1221\" class=\"elementor-tab-title\" data-tab=\"1\" role=\"button\" aria-controls=\"elementor-tab-content-1221\" aria-expanded=\"false\">\n\t\t\t\t\t\t\t\t\t\t\t\t\t<span class=\"elementor-accordion-icon elementor-accordion-icon-left\" aria-hidden=\"true\">\n\t\t\t\t\t\t\t\t\t\t\t\t\t\t\t<span class=\"elementor-accordion-icon-closed\"><svg class=\"e-font-icon-svg e-fas-plus\" viewbox=\"0 0 448 512\" xmlns=\"http:\/\/www.w3.org\/2000\/svg\"><path d=\"M416 208H272V64c0-17.67-14.33-32-32-32h-32c-17.67 0-32 14.33-32 32v144H32c-17.67 0-32 14.33-32 32v32c0 17.67 14.33 32 32 32h144v144c0 17.67 14.33 32 32 32h32c17.67 0 32-14.33 32-32V304h144c17.67 0 32-14.33 32-32v-32c0-17.67-14.33-32-32-32z\"><\/path><\/svg><\/span>\n\t\t\t\t\t\t\t\t<span class=\"elementor-accordion-icon-opened\"><svg class=\"e-font-icon-svg e-fas-minus\" viewbox=\"0 0 448 512\" xmlns=\"http:\/\/www.w3.org\/2000\/svg\"><path d=\"M416 208H32c-17.67 0-32 14.33-32 32v32c0 17.67 14.33 32 32 32h384c17.67 0 32-14.33 32-32v-32c0-17.67-14.33-32-32-32z\"><\/path><\/svg><\/span>\n\t\t\t\t\t\t\t\t\t\t\t\t\t\t<\/span>\n\t\t\t\t\t\t\t\t\t\t\t\t<a class=\"elementor-accordion-title\" tabindex=\"0\">Kardio mix forte\u00ae - T\u0259rkib<\/a>\n\t\t\t\t\t<\/div>\n\t\t\t\t\t<div id=\"elementor-tab-content-1221\" class=\"elementor-tab-content elementor-clearfix\" data-tab=\"1\" role=\"region\" aria-labelledby=\"elementor-tab-title-1221\"><p lang=\"en-US\">Kardio Mix Forte<br \/>\u200bBU D\u018fRMAN VAS\u0130T\u018fS\u0130 DEY\u0130L!<\/p><p lang=\"en-US\"><br \/>\u0130stifad\u0259 qaydalar\u0131<\/p><p lang=\"en-US\"><br \/>\u200bT\u0259rkibi: (1 ml = 22 damc\u0131)<br \/>\u200bAktiv inqrediyentl\u0259r:<br \/>\u200bPi\u015fikotu k\u00f6k\u00fc ekstrakt\u0131 (Valeriana officinalis, radix) \u2013 5 mq<br \/>\u200bYemi\u015fan meyv\u0259si ekstrakt\u0131 (Crataegus monogyna, fructus) \u2013 5 mq<br \/>\u200b\u015eirquyru\u011fu otu ekstrakt\u0131 (Leonurus cardiaca, herba) \u2013 5 mq<br \/>\u200bL-Arginin \u2013 10 mq<br \/>\u200bK\u00f6m\u0259k\u00e7i madd\u0259l\u0259r: Deioniz\u0259 olunmu\u015f su, Natrium benzoat, Moruq aromatizatoru, Limon tur\u015fusu, Sukraloza, Kalium sorbat.<\/p><p lang=\"en-US\"><br \/>\u200b\u018fks g\u00f6st\u0259ri\u015fl\u0259r:<br \/>\u200bKomponentl\u0259rd\u0259n h\u0259r hans\u0131 birin\u0259 qar\u015f\u0131 y\u00fcks\u0259k h\u0259ssasl\u0131q.<\/p><p lang=\"en-US\"><br \/>\u200bDozalanma v\u0259 istifad\u0259 qaydas\u0131:<br \/>\u200bB\u00f6y\u00fckl\u0259r \u00fc\u00e7\u00fcn: g\u00fcnd\u0259 1\u20132 d\u0259f\u0259, h\u0259r d\u0259f\u0259 2.5 ml.<br \/>\u200bBurax\u0131l\u0131\u015f formas\u0131: Daxil\u0259 q\u0259bul \u00fc\u00e7\u00fcn m\u0259hlul \u2013 damc\u0131.<br \/>Qabla\u015fd\u0131rma: 50 ml-lik \u015f\u00fc\u015f\u0259 flakon \u21161, i\u00e7lik v\u0259r\u0259q\u0259si il\u0259 birlikd\u0259 karton qutuda.<br \/>\u200bBu, bioloji f\u0259all\u0131\u011fa malik qida \u0259lav\u0259sidir.<br \/>\u200bT\u00f6vsiy\u0259 olunan sutkal\u0131q dozan\u0131 ke\u00e7m\u0259yin.<br \/>\u200bQida \u0259lav\u0259l\u0259ri normal qidalanman\u0131 \u0259v\u0259z etmir.<br \/>\u200bX\u0259st\u0259likl\u0259rin m\u00fcalic\u0259si \u00fc\u00e7\u00fcn istifad\u0259 edil\u0259 bilm\u0259z.<br \/>\u200bHamil\u0259lik v\u0259 laktasiya d\u00f6vr\u00fcnd\u0259, x\u0259st\u0259lik v\u0259 ya d\u0259rman istifad\u0259si zaman\u0131 h\u0259kiml\u0259 m\u0259sl\u0259h\u0259tl\u0259\u015fin.<\/p><p lang=\"en-US\"><br \/>\u200bSaxlanma \u015f\u0259raiti:<br \/>\u200bQuru, qaranl\u0131q v\u0259 u\u015faqlar\u0131n \u0259li \u00e7atmayan yerd\u0259, 25\u00b0C-d\u0259n y\u00fcks\u0259k olmayan temperaturda saxlay\u0131n.<br \/>\u200bYararl\u0131l\u0131q m\u00fcdd\u0259ti: 3 il.<\/p><p lang=\"en-US\"><br \/>\u200b\u0130stehsal\u00e7\u0131: \u201cDeltaMax<\/p><\/div>\n\t\t\t\t<\/div>\n\t\t\t\t\t\t\t<div class=\"elementor-accordion-item\">\n\t\t\t\t\t<div id=\"elementor-tab-title-1222\" class=\"elementor-tab-title\" data-tab=\"2\" role=\"button\" aria-controls=\"elementor-tab-content-1222\" aria-expanded=\"false\">\n\t\t\t\t\t\t\t\t\t\t\t\t\t<span class=\"elementor-accordion-icon elementor-accordion-icon-left\" aria-hidden=\"true\">\n\t\t\t\t\t\t\t\t\t\t\t\t\t\t\t<span class=\"elementor-accordion-icon-closed\"><svg class=\"e-font-icon-svg e-fas-plus\" viewbox=\"0 0 448 512\" xmlns=\"http:\/\/www.w3.org\/2000\/svg\"><path d=\"M416 208H272V64c0-17.67-14.33-32-32-32h-32c-17.67 0-32 14.33-32 32v144H32c-17.67 0-32 14.33-32 32v32c0 17.67 14.33 32 32 32h144v144c0 17.67 14.33 32 32 32h32c17.67 0 32-14.33 32-32V304h144c17.67 0 32-14.33 32-32v-32c0-17.67-14.33-32-32-32z\"><\/path><\/svg><\/span>\n\t\t\t\t\t\t\t\t<span class=\"elementor-accordion-icon-opened\"><svg class=\"e-font-icon-svg e-fas-minus\" viewbox=\"0 0 448 512\" xmlns=\"http:\/\/www.w3.org\/2000\/svg\"><path d=\"M416 208H32c-17.67 0-32 14.33-32 32v32c0 17.67 14.33 32 32 32h384c17.67 0 32-14.33 32-32v-32c0-17.67-14.33-32-32-32z\"><\/path><\/svg><\/span>\n\t\t\t\t\t\t\t\t\t\t\t\t\t\t<\/span>\n\t\t\t\t\t\t\t\t\t\t\t\t<a class=\"elementor-accordion-title\" tabindex=\"0\">Kardio mix forte\u00ae - Ingredients<\/a>\n\t\t\t\t\t<\/div>\n\t\t\t\t\t<div id=\"elementor-tab-content-1222\" class=\"elementor-tab-content elementor-clearfix\" data-tab=\"2\" role=\"region\" aria-labelledby=\"elementor-tab-title-1222\"><p>Kardio Mix Forte<br \/>\u200bTHIS IS NOT A MEDICINAL PRODUCT!<\/p><p><br \/>Instructions for Use<\/p><p><br \/>\u200bComposition: (1 ml = 22 drops)<br \/>\u200bActive ingredients:<br \/>\u200bValerian root extract (Valeriana officinalis, radix) \u2013 5 mg<br \/>\u200bHawthorn fruit extract (Crataegus monogyna, fructus) \u2013 5 mg<br \/>\u200bMotherwort herb extract (Leonurus cardiaca, herba) \u2013 5 mg<br \/>\u200bL-Arginine \u2013 10 mg<br \/>\u200bExcipients: Deionized water, Sodium benzoate, Raspberry flavoring, Citric acid, Sucralose, Potassium sorbate.<\/p><p><br \/>\u200bContraindications:<br \/>\u200bHypersensitivity to any of the components.<br \/>\u200bDosage and administration:<br \/>\u200bFor adults: 2.5 ml, 1\u20132 times daily.<br \/>\u200bDosage form: Oral solution \u2013 drops.<br \/>Packaging: 50 ml glass bottle \u21161, packed in a carton box together with a package insert.<br \/>\u200bThis is a biologically active food supplement.<br \/>\u200bDo not exceed the recommended daily dose.<br \/>\u200bFood supplements do not replace a balanced diet.<br \/>\u200bNot to be used for the treatment of diseases.<br \/>\u200bDuring pregnancy, breastfeeding, illness, or use of medication, consult a doctor.<\/p><p><br \/>\u200bStorage conditions:<br \/>\u200bStore in a dry, dark place, out of the reach of children, at a temperature not exceeding 25\u00b0C.<br \/>\u200bShelf life: 3 years.<\/p><p><br \/>\u200bManufacturer: &#8220;DeltaMax&#8221; LLC<\/p><\/div>\n\t\t\t\t<\/div>\n\t\t\t\t\t\t\t<div class=\"elementor-accordion-item\">\n\t\t\t\t\t<div id=\"elementor-tab-title-1223\" class=\"elementor-tab-title\" data-tab=\"3\" role=\"button\" aria-controls=\"elementor-tab-content-1223\" aria-expanded=\"false\">\n\t\t\t\t\t\t\t\t\t\t\t\t\t<span class=\"elementor-accordion-icon elementor-accordion-icon-left\" aria-hidden=\"true\">\n\t\t\t\t\t\t\t\t\t\t\t\t\t\t\t<span class=\"elementor-accordion-icon-closed\"><svg class=\"e-font-icon-svg e-fas-plus\" viewbox=\"0 0 448 512\" xmlns=\"http:\/\/www.w3.org\/2000\/svg\"><path d=\"M416 208H272V64c0-17.67-14.33-32-32-32h-32c-17.67 0-32 14.33-32 32v144H32c-17.67 0-32 14.33-32 32v32c0 17.67 14.33 32 32 32h144v144c0 17.67 14.33 32 32 32h32c17.67 0 32-14.33 32-32V304h144c17.67 0 32-14.33 32-32v-32c0-17.67-14.33-32-32-32z\"><\/path><\/svg><\/span>\n\t\t\t\t\t\t\t\t<span class=\"elementor-accordion-icon-opened\"><svg class=\"e-font-icon-svg e-fas-minus\" viewbox=\"0 0 448 512\" xmlns=\"http:\/\/www.w3.org\/2000\/svg\"><path d=\"M416 208H32c-17.67 0-32 14.33-32 32v32c0 17.67 14.33 32 32 32h384c17.67 0 32-14.33 32-32v-32c0-17.67-14.33-32-32-32z\"><\/path><\/svg><\/span>\n\t\t\t\t\t\t\t\t\t\t\t\t\t\t<\/span>\n\t\t\t\t\t\t\t\t\t\t\t\t<a class=\"elementor-accordion-title\" tabindex=\"0\">Kardio mix forte\u00ae - \u0421\u043e\u0441\u0442\u0430\u0432<\/a>\n\t\t\t\t\t<\/div>\n\t\t\t\t\t<div id=\"elementor-tab-content-1223\" class=\"elementor-tab-content elementor-clearfix\" data-tab=\"3\" role=\"region\" aria-labelledby=\"elementor-tab-title-1223\"><p>Kardio Mix Forte (\u041a\u0430\u0440\u0434\u0438\u043e \u041c\u0438\u043a\u0441 \u0424\u043e\u0440\u0442\u0435)<br \/>\u200b\u041d\u0415 \u042f\u0412\u041b\u042f\u0415\u0422\u0421\u042f \u041b\u0415\u041a\u0410\u0420\u0421\u0422\u0412\u0415\u041d\u041d\u042b\u041c \u0421\u0420\u0415\u0414\u0421\u0422\u0412\u041e\u041c!<\/p><p><br \/>\u0418\u043d\u0441\u0442\u0440\u0443\u043a\u0446\u0438\u044f \u043f\u043e \u043f\u0440\u0438\u043c\u0435\u043d\u0435\u043d\u0438\u044e<\/p><p><br \/>\u200b\u0421\u043e\u0441\u0442\u0430\u0432: (1 \u043c\u043b = 22 \u043a\u0430\u043f\u043b\u0438)<br \/>\u200b\u0410\u043a\u0442\u0438\u0432\u043d\u044b\u0435 \u0438\u043d\u0433\u0440\u0435\u0434\u0438\u0435\u043d\u0442\u044b:<br \/>\u200b\u042d\u043a\u0441\u0442\u0440\u0430\u043a\u0442 \u043a\u043e\u0440\u043d\u044f \u0432\u0430\u043b\u0435\u0440\u0438\u0430\u043d\u044b (Valeriana officinalis, radix) \u2013 5 \u043c\u0433<br \/>\u200b\u042d\u043a\u0441\u0442\u0440\u0430\u043a\u0442 \u043f\u043b\u043e\u0434\u043e\u0432 \u0431\u043e\u044f\u0440\u044b\u0448\u043d\u0438\u043a\u0430 (Crataegus monogyna, fructus) \u2013 5 \u043c\u0433<br \/>\u200b\u042d\u043a\u0441\u0442\u0440\u0430\u043a\u0442 \u0442\u0440\u0430\u0432\u044b \u043f\u0443\u0441\u0442\u044b\u0440\u043d\u0438\u043a\u0430 (Leonurus cardiaca, herba) \u2013 5 \u043c\u0433<br \/>\u200bL-\u0430\u0440\u0433\u0438\u043d\u0438\u043d \u2013 10 \u043c\u0433<br \/>\u200b\u0412\u0441\u043f\u043e\u043c\u043e\u0433\u0430\u0442\u0435\u043b\u044c\u043d\u044b\u0435 \u0432\u0435\u0449\u0435\u0441\u0442\u0432\u0430: \u0434\u0435\u0438\u043e\u043d\u0438\u0437\u0438\u0440\u043e\u0432\u0430\u043d\u043d\u0430\u044f \u0432\u043e\u0434\u0430, \u0431\u0435\u043d\u0437\u043e\u0430\u0442 \u043d\u0430\u0442\u0440\u0438\u044f, \u043c\u0430\u043b\u0438\u043d\u043e\u0432\u044b\u0439 \u0430\u0440\u043e\u043c\u0430\u0442\u0438\u0437\u0430\u0442\u043e\u0440, \u043b\u0438\u043c\u043e\u043d\u043d\u0430\u044f \u043a\u0438\u0441\u043b\u043e\u0442\u0430, \u0441\u0443\u043a\u0440\u0430\u043b\u043e\u0437\u0430, \u0441\u043e\u0440\u0431\u0430\u0442 \u043a\u0430\u043b\u0438\u044f.<\/p><p><br \/>\u200b\u041f\u0440\u043e\u0442\u0438\u0432\u043e\u043f\u043e\u043a\u0430\u0437\u0430\u043d\u0438\u044f:<br \/>\u200b\u041f\u043e\u0432\u044b\u0448\u0435\u043d\u043d\u0430\u044f \u0447\u0443\u0432\u0441\u0442\u0432\u0438\u0442\u0435\u043b\u044c\u043d\u043e\u0441\u0442\u044c \u043a \u043b\u044e\u0431\u043e\u043c\u0443 \u0438\u0437 \u043a\u043e\u043c\u043f\u043e\u043d\u0435\u043d\u0442\u043e\u0432.<\/p><p><br \/>\u200b\u0414\u043e\u0437\u0438\u0440\u043e\u0432\u043a\u0430 \u0438 \u0441\u043f\u043e\u0441\u043e\u0431 \u043f\u0440\u0438\u043c\u0435\u043d\u0435\u043d\u0438\u044f:<br \/>\u200b\u0414\u043b\u044f \u0432\u0437\u0440\u043e\u0441\u043b\u044b\u0445: \u043f\u043e 2.5 \u043c\u043b 1\u20132 \u0440\u0430\u0437\u0430 \u0432 \u0434\u0435\u043d\u044c.<br \/>\u200b\u0424\u043e\u0440\u043c\u0430 \u0432\u044b\u043f\u0443\u0441\u043a\u0430: \u0420\u0430\u0441\u0442\u0432\u043e\u0440 \u0434\u043b\u044f \u043f\u0440\u0438\u0435\u043c\u0430 \u0432\u043d\u0443\u0442\u0440\u044c \u2013 \u043a\u0430\u043f\u043b\u0438.<br \/>\u0423\u043f\u0430\u043a\u043e\u0432\u043a\u0430: \u0421\u0442\u0435\u043a\u043b\u044f\u043d\u043d\u044b\u0439 \u0444\u043b\u0430\u043a\u043e\u043d 50 \u043c\u043b \u21161, \u0432 \u043a\u0430\u0440\u0442\u043e\u043d\u043d\u043e\u0439 \u043a\u043e\u0440\u043e\u0431\u043a\u0435 \u0432\u043c\u0435\u0441\u0442\u0435 \u0441 \u043b\u0438\u0441\u0442\u043a\u043e\u043c-\u0432\u043a\u043b\u0430\u0434\u044b\u0448\u0435\u043c.<br \/>\u200b\u042d\u0442\u043e \u0431\u0438\u043e\u043b\u043e\u0433\u0438\u0447\u0435\u0441\u043a\u0438 \u0430\u043a\u0442\u0438\u0432\u043d\u0430\u044f \u0434\u043e\u0431\u0430\u0432\u043a\u0430 \u043a \u043f\u0438\u0449\u0435 (\u0411\u0410\u0414).<br \/>\u200b\u041d\u0435 \u043f\u0440\u0435\u0432\u044b\u0448\u0430\u0439\u0442\u0435 \u0440\u0435\u043a\u043e\u043c\u0435\u043d\u0434\u0443\u0435\u043c\u0443\u044e \u0441\u0443\u0442\u043e\u0447\u043d\u0443\u044e \u0434\u043e\u0437\u0443.<br \/>\u200b\u041f\u0438\u0449\u0435\u0432\u044b\u0435 \u0434\u043e\u0431\u0430\u0432\u043a\u0438 \u043d\u0435 \u0437\u0430\u043c\u0435\u043d\u044f\u044e\u0442 \u043f\u043e\u043b\u043d\u043e\u0446\u0435\u043d\u043d\u043e\u0435 \u043f\u0438\u0442\u0430\u043d\u0438\u0435.<br \/>\u200b\u041d\u0435 \u0438\u0441\u043f\u043e\u043b\u044c\u0437\u043e\u0432\u0430\u0442\u044c \u0434\u043b\u044f \u043b\u0435\u0447\u0435\u043d\u0438\u044f \u0437\u0430\u0431\u043e\u043b\u0435\u0432\u0430\u043d\u0438\u0439.<br \/>\u200b\u0412\u043e \u0432\u0440\u0435\u043c\u044f \u0431\u0435\u0440\u0435\u043c\u0435\u043d\u043d\u043e\u0441\u0442\u0438 \u0438 \u043b\u0430\u043a\u0442\u0430\u0446\u0438\u0438, \u043f\u0440\u0438 \u043d\u0430\u043b\u0438\u0447\u0438\u0438 \u0437\u0430\u0431\u043e\u043b\u0435\u0432\u0430\u043d\u0438\u0439 \u0438\u043b\u0438 \u043f\u0440\u0438\u0435\u043c\u0435 \u043b\u0435\u043a\u0430\u0440\u0441\u0442\u0432 \u043f\u0440\u043e\u043a\u043e\u043d\u0441\u0443\u043b\u044c\u0442\u0438\u0440\u0443\u0439\u0442\u0435\u0441\u044c \u0441 \u0432\u0440\u0430\u0447\u043e\u043c.<\/p><p><br \/>\u200b\u0423\u0441\u043b\u043e\u0432\u0438\u044f \u0445\u0440\u0430\u043d\u0435\u043d\u0438\u044f:<br \/>\u200b\u0425\u0440\u0430\u043d\u0438\u0442\u044c \u0432 \u0441\u0443\u0445\u043e\u043c, \u0442\u0435\u043c\u043d\u043e\u043c \u0438 \u043d\u0435\u0434\u043e\u0441\u0442\u0443\u043f\u043d\u043e\u043c \u0434\u043b\u044f \u0434\u0435\u0442\u0435\u0439 \u043c\u0435\u0441\u0442\u0435 \u043f\u0440\u0438 \u0442\u0435\u043c\u043f\u0435\u0440\u0430\u0442\u0443\u0440\u0435 \u043d\u0435 \u0432\u044b\u0448\u0435 25\u00b0C.<br \/>\u200b\u0421\u0440\u043e\u043a \u0433\u043e\u0434\u043d\u043e\u0441\u0442\u0438: 3 \u0433\u043e\u0434\u0430.<\/p><p><br \/>\u200b\u041f\u0440\u043e\u0438\u0437\u0432\u043e\u0434\u0438\u0442\u0435\u043b\u044c: \u041e\u041e\u041e \u00abDeltaMax\u00bb<\/p><\/div>\n\t\t\t\t<\/div>\n\t\t\t\t\t\t\t\t<\/div>\n\t\t\t\t\t\t<\/div>\n\t\t\t\t<\/div>\n\t\t\t\t\t<\/div>\n\t\t\t\t<\/div>\n\t\t\t\t<\/div>","protected":false},"excerpt":{"rendered":"<p>Kardio Mix Forte\u00ae Sertifikat n\u00f6mr\u0259si: Kardio mix forte\u00ae &#8211; T\u0259rkib Kardio Mix Forte\u200bBU D\u018fRMAN VAS\u0130T\u018fS\u0130 DEY\u0130L! \u0130stifad\u0259 qaydalar\u0131 \u200bT\u0259rkibi: (1 ml = 22 damc\u0131)\u200bAktiv inqrediyentl\u0259r:\u200bPi\u015fikotu k\u00f6k\u00fc ekstrakt\u0131 (Valeriana officinalis, radix) \u2013 5 mq\u200bYemi\u015fan meyv\u0259si ekstrakt\u0131 (Crataegus monogyna, fructus) \u2013 5 mq\u200b\u015eirquyru\u011fu otu ekstrakt\u0131 (Leonurus cardiaca, herba) \u2013 5 mq\u200bL-Arginin \u2013 10 mq\u200bK\u00f6m\u0259k\u00e7i madd\u0259l\u0259r: Deioniz\u0259 olunmu\u015f [&hellip;]<\/p>\n","protected":false},"author":1,"featured_media":0,"parent":0,"menu_order":0,"comment_status":"closed","ping_status":"closed","template":"","meta":{"ocean_post_layout":"full-screen","ocean_both_sidebars_style":"","ocean_both_sidebars_content_width":0,"ocean_both_sidebars_sidebars_width":0,"ocean_sidebar":"0","ocean_second_sidebar":"0","ocean_disable_margins":"on","ocean_add_body_class":"","ocean_shortcode_before_top_bar":"","ocean_shortcode_after_top_bar":"","ocean_shortcode_before_header":"","ocean_shortcode_after_header":"","ocean_has_shortcode":"","ocean_shortcode_after_title":"","ocean_shortcode_before_footer_widgets":"","ocean_shortcode_after_footer_widgets":"","ocean_shortcode_before_footer_bottom":"","ocean_shortcode_after_footer_bottom":"","ocean_display_top_bar":"off","ocean_display_header":"off","ocean_header_style":"minimal","ocean_center_header_left_menu":"0","ocean_custom_header_template":"0","ocean_custom_logo":0,"ocean_custom_retina_logo":0,"ocean_custom_logo_max_width":0,"ocean_custom_logo_tablet_max_width":0,"ocean_custom_logo_mobile_max_width":0,"ocean_custom_logo_max_height":0,"ocean_custom_logo_tablet_max_height":0,"ocean_custom_logo_mobile_max_height":0,"ocean_header_custom_menu":"0","ocean_menu_typo_font_family":"0","ocean_menu_typo_font_subset":"","ocean_menu_typo_font_size":0,"ocean_menu_typo_font_size_tablet":0,"ocean_menu_typo_font_size_mobile":0,"ocean_menu_typo_font_size_unit":"px","ocean_menu_typo_font_weight":"","ocean_menu_typo_font_weight_tablet":"","ocean_menu_typo_font_weight_mobile":"","ocean_menu_typo_transform":"","ocean_menu_typo_transform_tablet":"","ocean_menu_typo_transform_mobile":"","ocean_menu_typo_line_height":0,"ocean_menu_typo_line_height_tablet":0,"ocean_menu_typo_line_height_mobile":0,"ocean_menu_typo_line_height_unit":"","ocean_menu_typo_spacing":0,"ocean_menu_typo_spacing_tablet":0,"ocean_menu_typo_spacing_mobile":0,"ocean_menu_typo_spacing_unit":"","ocean_menu_link_color":"","ocean_menu_link_color_hover":"","ocean_menu_link_color_active":"","ocean_menu_link_background":"","ocean_menu_link_hover_background":"","ocean_menu_link_active_background":"","ocean_menu_social_links_bg":"","ocean_menu_social_hover_links_bg":"","ocean_menu_social_links_color":"","ocean_menu_social_hover_links_color":"","ocean_disable_title":"on","ocean_disable_heading":"default","ocean_post_title":"","ocean_post_subheading":"","ocean_post_title_style":"","ocean_post_title_background_color":"","ocean_post_title_background":0,"ocean_post_title_bg_image_position":"","ocean_post_title_bg_image_attachment":"","ocean_post_title_bg_image_repeat":"","ocean_post_title_bg_image_size":"","ocean_post_title_height":0,"ocean_post_title_bg_overlay":0.5,"ocean_post_title_bg_overlay_color":"","ocean_disable_breadcrumbs":"off","ocean_breadcrumbs_color":"","ocean_breadcrumbs_separator_color":"","ocean_breadcrumbs_links_color":"","ocean_breadcrumbs_links_hover_color":"","ocean_display_footer_widgets":"off","ocean_display_footer_bottom":"off","ocean_custom_footer_template":"0","iawp_total_views":33,"footnotes":""},"class_list":["post-1867","page","type-page","status-publish","hentry","entry"],"_links":{"self":[{"href":"https:\/\/medietk.com\/en\/wp-json\/wp\/v2\/pages\/1867","targetHints":{"allow":["GET"]}}],"collection":[{"href":"https:\/\/medietk.com\/en\/wp-json\/wp\/v2\/pages"}],"about":[{"href":"https:\/\/medietk.com\/en\/wp-json\/wp\/v2\/types\/page"}],"author":[{"embeddable":true,"href":"https:\/\/medietk.com\/en\/wp-json\/wp\/v2\/users\/1"}],"replies":[{"embeddable":true,"href":"https:\/\/medietk.com\/en\/wp-json\/wp\/v2\/comments?post=1867"}],"version-history":[{"count":14,"href":"https:\/\/medietk.com\/en\/wp-json\/wp\/v2\/pages\/1867\/revisions"}],"predecessor-version":[{"id":1887,"href":"https:\/\/medietk.com\/en\/wp-json\/wp\/v2\/pages\/1867\/revisions\/1887"}],"wp:attachment":[{"href":"https:\/\/medietk.com\/en\/wp-json\/wp\/v2\/media?parent=1867"}],"curies":[{"name":"wp","href":"https:\/\/api.w.org\/{rel}","templated":true}]}}